{"id":3876,"date":"2026-01-15T10:15:57","date_gmt":"2026-01-15T09:15:57","guid":{"rendered":"https:\/\/honvedelmipark.hu\/khp\/?post_type=product&#038;p=3876"},"modified":"2026-04-15T10:54:25","modified_gmt":"2026-04-15T08:54:25","slug":"weekend-warrior","status":"publish","type":"product","link":"https:\/\/honvedelmipark.hu\/khp\/termek\/weekend-warrior\/","title":{"rendered":"Weekend Warrior"},"content":{"rendered":"<strong>Katonai h\u00e9tv\u00e9g\u00e9k a Kincsem Honv\u00e9delmi Parkban<\/strong>\r\n\r\nV\u00e1rjuk az airsoft szerelmeseit p\u00f6rg\u0151s \u00f6sszecsap\u00e1sokkal minden h\u00e9tv\u00e9g\u00e9n.\r\n\r\nEz az esem\u00e9ny kifejezetten <strong>csapatok sz\u00e1m\u00e1ra lett kialak\u00edtva<\/strong>, ez\u00e9rt <strong>minimum 6 f\u0151s csapatok jelentkez\u00e9s\u00e9t v\u00e1rjuk<\/strong>, hogy a r\u00e9sztvev\u0151k egym\u00e1s ellen is val\u00f3di taktikai helyzetekben m\u00e9rhess\u00e9k \u00f6ssze tud\u00e1sukat. A p\u00e1ly\u00e1k \u00e9s feladatok \u00fagy lettek megtervezve, hogy csapatmunka, kommunik\u00e1ci\u00f3 \u00e9s strat\u00e9gia n\u00e9lk\u00fcl ne lehessen sikeresen teljes\u00edteni.\r\n\r\n","protected":false},"excerpt":{"rendered":"<p>Ez az esem\u00e9ny kifejezetten <strong>csapatok sz\u00e1m\u00e1ra lett kialak\u00edtva<\/strong>, ez\u00e9rt <strong>minimum 6 f\u0151s csapatok jelentkez\u00e9s\u00e9t v\u00e1rjuk<\/strong>, hogy a r\u00e9sztvev\u0151k egym\u00e1s ellen is val\u00f3di taktikai helyzetekben m\u00e9rhess\u00e9k \u00f6ssze tud\u00e1sukat. A p\u00e1ly\u00e1k \u00e9s feladatok \u00fagy lettek megtervezve, hogy csapatmunka, kommunik\u00e1ci\u00f3 \u00e9s strat\u00e9gia n\u00e9lk\u00fcl ne lehessen sikeresen teljes\u00edteni.<\/p>\n","protected":false},"featured_media":3008,"comment_status":"open","ping_status":"closed","template":"","meta":{"_acf_changed":false},"product_brand":[],"product_cat":[34],"product_tag":[],"class_list":{"0":"post-3876","1":"product","2":"type-product","3":"status-publish","4":"has-post-thumbnail","6":"product_cat-egyeb","8":"first","9":"instock","10":"downloadable","11":"virtual","12":"product-type-simple"},"acf":[],"_links":{"self":[{"href":"https:\/\/honvedelmipark.hu\/khp\/wp-json\/wp\/v2\/product\/3876","targetHints":{"allow":["GET"]}}],"collection":[{"href":"https:\/\/honvedelmipark.hu\/khp\/wp-json\/wp\/v2\/product"}],"about":[{"href":"https:\/\/honvedelmipark.hu\/khp\/wp-json\/wp\/v2\/types\/product"}],"replies":[{"embeddable":true,"href":"https:\/\/honvedelmipark.hu\/khp\/wp-json\/wp\/v2\/comments?post=3876"}],"wp:featuredmedia":[{"embeddable":true,"href":"https:\/\/honvedelmipark.hu\/khp\/wp-json\/wp\/v2\/media\/3008"}],"wp:attachment":[{"href":"https:\/\/honvedelmipark.hu\/khp\/wp-json\/wp\/v2\/media?parent=3876"}],"wp:term":[{"taxonomy":"product_brand","embeddable":true,"href":"https:\/\/honvedelmipark.hu\/khp\/wp-json\/wp\/v2\/product_brand?post=3876"},{"taxonomy":"product_cat","embeddable":true,"href":"https:\/\/honvedelmipark.hu\/khp\/wp-json\/wp\/v2\/product_cat?post=3876"},{"taxonomy":"product_tag","embeddable":true,"href":"https:\/\/honvedelmipark.hu\/khp\/wp-json\/wp\/v2\/product_tag?post=3876"}],"curies":[{"name":"wp","href":"https:\/\/api.w.org\/{rel}","templated":true}]}}