{"id":3362,"date":"2025-08-27T20:42:18","date_gmt":"2025-08-27T18:42:18","guid":{"rendered":"https:\/\/honvedelmipark.hu\/khp\/?post_type=product&#038;p=3362"},"modified":"2025-09-01T11:32:11","modified_gmt":"2025-09-01T09:32:11","slug":"bevetesi-csomag-14-ev","status":"publish","type":"product","link":"https:\/\/honvedelmipark.hu\/khp\/termek\/bevetesi-csomag-14-ev\/","title":{"rendered":"Bevet\u00e9si csomag (14+ \u00e9v)"},"content":{"rendered":"<p>A Bevet\u00e9si csomag a legdinamikusabb katonai \u00e9lm\u00e9nyeket k\u00edn\u00e1lja. Az ejt\u0151g\u00e9p seg\u00edts\u00e9g\u00e9vel mindenki \u00e1t\u00e9lheti a szabades\u00e9s intenz\u00edv \u00e9lm\u00e9ny\u00e9t, majd az \u00e9p\u00fcletharc sor\u00e1n egy t\u00faszment\u0151 akci\u00f3 r\u00e9szese lehet. A buszos t\u00faszment\u00e9s val\u00f3s\u00e1gh\u0171 szitu\u00e1ci\u00f3t teremt, ahol a gyorsas\u00e1g \u00e9s a pontoss\u00e1g kulcsfontoss\u00e1g\u00fa. A bunkerharc sor\u00e1n a r\u00e9sztvev\u0151k z\u00e1rt, sz\u0171k k\u00f6rnyezetben pr\u00f3b\u00e1lhatj\u00e1k ki, hogyan boldoguln\u00e1nak val\u00f3s katonai helyzetben. Ez a csomag igazi akci\u00f3filmbe ill\u0151 kalandot k\u00edn\u00e1l, ahol minden pillanat sz\u00e1m\u00edt, \u00e9s a csapattagok k\u00f6z\u00f6tti egy\u00fcttm\u0171k\u00f6d\u00e9s n\u00e9lk\u00fcl\u00f6zhetetlen a sikerhez.<\/p>\n","protected":false},"excerpt":{"rendered":"<p>Egy intenz\u00edv \u00e9lm\u00e9nycsomag, amely val\u00f3di akci\u00f3filmes hangulatot ny\u00fajt. A programban szerepel az ejt\u0151g\u00e9p szabades\u00e9s szimul\u00e1ci\u00f3ja, CQB \u00e9p\u00fcletharc, buszos t\u00faszment\u00e9s, valamint bunkerharc.<\/p>\n","protected":false},"featured_media":3008,"comment_status":"open","ping_status":"closed","template":"","meta":{"_acf_changed":false},"product_brand":[],"product_cat":[34],"product_tag":[],"class_list":{"0":"post-3362","1":"product","2":"type-product","3":"status-publish","4":"has-post-thumbnail","6":"product_cat-egyeb","8":"first","9":"instock","10":"downloadable","11":"virtual","12":"product-type-simple"},"acf":[],"_links":{"self":[{"href":"https:\/\/honvedelmipark.hu\/khp\/wp-json\/wp\/v2\/product\/3362","targetHints":{"allow":["GET"]}}],"collection":[{"href":"https:\/\/honvedelmipark.hu\/khp\/wp-json\/wp\/v2\/product"}],"about":[{"href":"https:\/\/honvedelmipark.hu\/khp\/wp-json\/wp\/v2\/types\/product"}],"replies":[{"embeddable":true,"href":"https:\/\/honvedelmipark.hu\/khp\/wp-json\/wp\/v2\/comments?post=3362"}],"wp:featuredmedia":[{"embeddable":true,"href":"https:\/\/honvedelmipark.hu\/khp\/wp-json\/wp\/v2\/media\/3008"}],"wp:attachment":[{"href":"https:\/\/honvedelmipark.hu\/khp\/wp-json\/wp\/v2\/media?parent=3362"}],"wp:term":[{"taxonomy":"product_brand","embeddable":true,"href":"https:\/\/honvedelmipark.hu\/khp\/wp-json\/wp\/v2\/product_brand?post=3362"},{"taxonomy":"product_cat","embeddable":true,"href":"https:\/\/honvedelmipark.hu\/khp\/wp-json\/wp\/v2\/product_cat?post=3362"},{"taxonomy":"product_tag","embeddable":true,"href":"https:\/\/honvedelmipark.hu\/khp\/wp-json\/wp\/v2\/product_tag?post=3362"}],"curies":[{"name":"wp","href":"https:\/\/api.w.org\/{rel}","templated":true}]}}