{"id":3360,"date":"2025-08-27T20:40:28","date_gmt":"2025-08-27T18:40:28","guid":{"rendered":"https:\/\/honvedelmipark.hu\/khp\/?post_type=product&#038;p=3360"},"modified":"2025-09-01T11:31:31","modified_gmt":"2025-09-01T09:31:31","slug":"eronleti-csomag-16-ev","status":"publish","type":"product","link":"https:\/\/honvedelmipark.hu\/khp\/termek\/eronleti-csomag-16-ev\/","title":{"rendered":"Er\u0151nl\u00e9ti csomag (16+ \u00e9v)"},"content":{"rendered":"<p>Ez a csomag a fizikai kih\u00edv\u00e1sokat keres\u0151knek sz\u00f3l. A r\u00e9sztvev\u0151k katonai bootcamp \u00e1llom\u00e1sokon, akad\u00e1lyp\u00e1ly\u00e1n \u00e9s k\u00f6teles ereszked\u00e9sben m\u00e9rhetik fel \u00e1ll\u00f3k\u00e9pess\u00e9g\u00fcket \u00e9s erej\u00fcket. A program teljes eg\u00e9sz\u00e9ben id\u0151m\u00e9r\u00e9sre \u00e9p\u00fcl, \u00edgy mindenkinek lehet\u0151s\u00e9ge van saj\u00e1t hat\u00e1rainak feszeget\u00e9s\u00e9re, valamint arra, hogy bar\u00e1taival vagy csapatt\u00e1rsaival versenyezzen. Az Er\u0151nl\u00e9ti csomag nem csup\u00e1n sport\u00e9lm\u00e9nyt k\u00edn\u00e1l, hanem igazi katonai hangulatot teremt, ahol a fegyelem, a kitart\u00e1s \u00e9s a csapatszellem \u00e9pp\u00fagy fontos, mint a fizikai teljes\u00edtm\u00e9ny.<\/p>\n","protected":false},"excerpt":{"rendered":"<p>Az \u00e1ll\u00f3k\u00e9pess\u00e9g \u00e9s kitart\u00e1s igazi pr\u00f3b\u00e1ja. A csomag tartalmazza az er\u0151nl\u00e9ti bootcamp \u00e1llom\u00e1st, az OCR akad\u00e1lyp\u00e1ly\u00e1t \u00e9s az ereszked\u00e9st. A r\u00e9sztvev\u0151k teljes\u00edtm\u00e9ny\u00e9t id\u0151m\u00e9r\u00e9s alapj\u00e1n lehet nyomon k\u00f6vetni.<\/p>\n","protected":false},"featured_media":3028,"comment_status":"open","ping_status":"closed","template":"","meta":{"_acf_changed":false},"product_brand":[],"product_cat":[34],"product_tag":[],"class_list":{"0":"post-3360","1":"product","2":"type-product","3":"status-publish","4":"has-post-thumbnail","6":"product_cat-egyeb","8":"first","9":"instock","10":"downloadable","11":"virtual","12":"product-type-simple"},"acf":[],"_links":{"self":[{"href":"https:\/\/honvedelmipark.hu\/khp\/wp-json\/wp\/v2\/product\/3360","targetHints":{"allow":["GET"]}}],"collection":[{"href":"https:\/\/honvedelmipark.hu\/khp\/wp-json\/wp\/v2\/product"}],"about":[{"href":"https:\/\/honvedelmipark.hu\/khp\/wp-json\/wp\/v2\/types\/product"}],"replies":[{"embeddable":true,"href":"https:\/\/honvedelmipark.hu\/khp\/wp-json\/wp\/v2\/comments?post=3360"}],"wp:featuredmedia":[{"embeddable":true,"href":"https:\/\/honvedelmipark.hu\/khp\/wp-json\/wp\/v2\/media\/3028"}],"wp:attachment":[{"href":"https:\/\/honvedelmipark.hu\/khp\/wp-json\/wp\/v2\/media?parent=3360"}],"wp:term":[{"taxonomy":"product_brand","embeddable":true,"href":"https:\/\/honvedelmipark.hu\/khp\/wp-json\/wp\/v2\/product_brand?post=3360"},{"taxonomy":"product_cat","embeddable":true,"href":"https:\/\/honvedelmipark.hu\/khp\/wp-json\/wp\/v2\/product_cat?post=3360"},{"taxonomy":"product_tag","embeddable":true,"href":"https:\/\/honvedelmipark.hu\/khp\/wp-json\/wp\/v2\/product_tag?post=3360"}],"curies":[{"name":"wp","href":"https:\/\/api.w.org\/{rel}","templated":true}]}}