{"id":3358,"date":"2025-08-27T20:37:57","date_gmt":"2025-08-27T18:37:57","guid":{"rendered":"https:\/\/honvedelmipark.hu\/khp\/?post_type=product&#038;p=3358"},"modified":"2025-09-01T11:29:39","modified_gmt":"2025-09-01T09:29:39","slug":"adrenalin-csomag-14-ev","status":"publish","type":"product","link":"https:\/\/honvedelmipark.hu\/khp\/termek\/adrenalin-csomag-14-ev\/","title":{"rendered":"Adrenalin csomag (14+ \u00e9v)"},"content":{"rendered":"<p>A kih\u00edv\u00e1sok \u00e9s a hat\u00e1rfeszeget\u00e9s csomagja \u2013 azoknak, akik nem f\u00e9lnek az extr\u00e9m \u00e9lm\u00e9nyekt\u0151l. A r\u00e9sztvev\u0151k el\u0151sz\u00f6r buggykba pattannak, ahol a gyorsul\u00e1s \u00e9s a terep adta akad\u00e1lyok egyszerre ny\u00fajtanak izgalmat. Az ejt\u0151erny\u0151s szimul\u00e1ci\u00f3ban mindenki \u00e1t\u00e9lheti, milyen \u00e9rz\u00e9s a rep\u00fcl\u0151g\u00e9pb\u0151l kiugrani, majd a szabades\u00e9s-\u00e9lm\u00e9nyt a val\u00f3s\u00e1gh\u0171 ejt\u0151g\u00e9p fokozza. A program cs\u00facspontja a 200 m\u00e9teres zipline (k\u00f6t\u00e9lp\u00e1lya), amely a b\u00e1tors\u00e1got \u00e9s a kitart\u00e1st egyszerre teszi pr\u00f3b\u00e1ra.<br \/>\nEz a csomag val\u00f3di adrenalinl\u00f6ketet ad, \u00e9s garant\u00e1ltan felejthetetlen \u00e9lm\u00e9nyt k\u00edn\u00e1l azoknak, akik szeretn\u00e9k meg\u00e9lni a katonai kaland legintenz\u00edvebb form\u00e1j\u00e1t.<\/p>\n","protected":false},"excerpt":{"rendered":"<p>Az extr\u00e9m \u00e9lm\u00e9nyek kedvel\u0151inek. A csomag tartalmaz buggy vezet\u00e9st, ejt\u0151erny\u0151s szimul\u00e1ci\u00f3t, szabades\u00e9s \u00e9lm\u00e9nyt az ejt\u0151g\u00e9ppel, valamint egy izgalmas zipline (k\u00f6t\u00e9lp\u00e1lya) lecs\u00fasz\u00e1st.<\/p>\n","protected":false},"featured_media":3063,"comment_status":"open","ping_status":"closed","template":"","meta":{"_acf_changed":false},"product_brand":[],"product_cat":[34],"product_tag":[],"class_list":{"0":"post-3358","1":"product","2":"type-product","3":"status-publish","4":"has-post-thumbnail","6":"product_cat-egyeb","8":"first","9":"instock","10":"downloadable","11":"virtual","12":"product-type-simple"},"acf":[],"_links":{"self":[{"href":"https:\/\/honvedelmipark.hu\/khp\/wp-json\/wp\/v2\/product\/3358","targetHints":{"allow":["GET"]}}],"collection":[{"href":"https:\/\/honvedelmipark.hu\/khp\/wp-json\/wp\/v2\/product"}],"about":[{"href":"https:\/\/honvedelmipark.hu\/khp\/wp-json\/wp\/v2\/types\/product"}],"replies":[{"embeddable":true,"href":"https:\/\/honvedelmipark.hu\/khp\/wp-json\/wp\/v2\/comments?post=3358"}],"wp:featuredmedia":[{"embeddable":true,"href":"https:\/\/honvedelmipark.hu\/khp\/wp-json\/wp\/v2\/media\/3063"}],"wp:attachment":[{"href":"https:\/\/honvedelmipark.hu\/khp\/wp-json\/wp\/v2\/media?parent=3358"}],"wp:term":[{"taxonomy":"product_brand","embeddable":true,"href":"https:\/\/honvedelmipark.hu\/khp\/wp-json\/wp\/v2\/product_brand?post=3358"},{"taxonomy":"product_cat","embeddable":true,"href":"https:\/\/honvedelmipark.hu\/khp\/wp-json\/wp\/v2\/product_cat?post=3358"},{"taxonomy":"product_tag","embeddable":true,"href":"https:\/\/honvedelmipark.hu\/khp\/wp-json\/wp\/v2\/product_tag?post=3358"}],"curies":[{"name":"wp","href":"https:\/\/api.w.org\/{rel}","templated":true}]}}