{"id":3352,"date":"2025-08-27T20:11:53","date_gmt":"2025-08-27T18:11:53","guid":{"rendered":"https:\/\/honvedelmipark.hu\/khp\/?post_type=product&#038;p=3352"},"modified":"2025-09-01T11:29:02","modified_gmt":"2025-09-01T09:29:02","slug":"digitalis-hadviseles-csomag-8-ev","status":"publish","type":"product","link":"https:\/\/honvedelmipark.hu\/khp\/termek\/digitalis-hadviseles-csomag-8-ev\/","title":{"rendered":"Digit\u00e1lis hadvisel\u00e9s csomag (8+ \u00e9v)"},"content":{"rendered":"<p>Ez a csomag a modern technol\u00f3gia vil\u00e1g\u00e1ba vezeti be a l\u00e1togat\u00f3kat. A dr\u00f3nprogram sor\u00e1n a r\u00e9sztvev\u0151k val\u00f3di pil\u00f3tak\u00e9nt ir\u00e1ny\u00edthatj\u00e1k a rep\u00fcl\u0151 eszk\u00f6z\u00f6ket, megtapasztalva a dr\u00f3nkezel\u00e9s felel\u0151ss\u00e9g\u00e9t \u00e9s izgalm\u00e1t. A VR l\u0151t\u00e9ren virtu\u00e1lis ellenfelekkel n\u00e9zhetnek szembe, ahol a reflexek \u00e9s a pontoss\u00e1g d\u00f6nt. A Gripen szimul\u00e1torban egy vad\u00e1szg\u00e9p pil\u00f3taf\u00fclk\u00e9j\u00e9be \u00fclhetnek be, hogy \u00e1t\u00e9lj\u00e9k a rep\u00fcl\u00e9s semmihez sem foghat\u00f3 \u00e9lm\u00e9ny\u00e9t, m\u00edg a dr\u00f3nszimul\u00e1tor biztons\u00e1gos k\u00f6rnyezetben mutatja meg a pil\u00f3tak\u00e9pz\u00e9s alapjait.<br \/>\nA Digit\u00e1lis hadvisel\u00e9s csomag k\u00fcl\u00f6nlegess\u00e9ge, hogy \u00f6tv\u00f6zi a legmodernebb szimul\u00e1ci\u00f3s technol\u00f3gi\u00e1t a katonai \u00e9lm\u00e9nyekkel, \u00edgy ide\u00e1lis v\u00e1laszt\u00e1s fiataloknak, csal\u00e1doknak, valamint azoknak, akik a technol\u00f3gia \u00e9s a hadvisel\u00e9s kapcsolat\u00e1t szeretn\u00e9k felfedezni.<\/p>\n","protected":false},"excerpt":{"rendered":"<p>Modern technol\u00f3giai \u00e9lm\u00e9nyek egy csomagban. A gyerekek \u00e9s feln\u0151ttek dr\u00f3nokat ir\u00e1ny\u00edthatnak, VR l\u0151t\u00e9ren pr\u00f3b\u00e1lhatj\u00e1k ki reflexeiket, Gripen vad\u00e1szg\u00e9p szimul\u00e1torban rep\u00fclhetnek, v\u00e9g\u00fcl pedig dr\u00f3nszimul\u00e1toron tehetik pr\u00f3b\u00e1ra tud\u00e1sukat.<\/p>\n","protected":false},"featured_media":3044,"comment_status":"open","ping_status":"closed","template":"","meta":{"_acf_changed":false},"product_brand":[],"product_cat":[34],"product_tag":[],"class_list":{"0":"post-3352","1":"product","2":"type-product","3":"status-publish","4":"has-post-thumbnail","6":"product_cat-egyeb","8":"first","9":"instock","10":"downloadable","11":"virtual","12":"product-type-simple"},"acf":[],"_links":{"self":[{"href":"https:\/\/honvedelmipark.hu\/khp\/wp-json\/wp\/v2\/product\/3352","targetHints":{"allow":["GET"]}}],"collection":[{"href":"https:\/\/honvedelmipark.hu\/khp\/wp-json\/wp\/v2\/product"}],"about":[{"href":"https:\/\/honvedelmipark.hu\/khp\/wp-json\/wp\/v2\/types\/product"}],"replies":[{"embeddable":true,"href":"https:\/\/honvedelmipark.hu\/khp\/wp-json\/wp\/v2\/comments?post=3352"}],"wp:featuredmedia":[{"embeddable":true,"href":"https:\/\/honvedelmipark.hu\/khp\/wp-json\/wp\/v2\/media\/3044"}],"wp:attachment":[{"href":"https:\/\/honvedelmipark.hu\/khp\/wp-json\/wp\/v2\/media?parent=3352"}],"wp:term":[{"taxonomy":"product_brand","embeddable":true,"href":"https:\/\/honvedelmipark.hu\/khp\/wp-json\/wp\/v2\/product_brand?post=3352"},{"taxonomy":"product_cat","embeddable":true,"href":"https:\/\/honvedelmipark.hu\/khp\/wp-json\/wp\/v2\/product_cat?post=3352"},{"taxonomy":"product_tag","embeddable":true,"href":"https:\/\/honvedelmipark.hu\/khp\/wp-json\/wp\/v2\/product_tag?post=3352"}],"curies":[{"name":"wp","href":"https:\/\/api.w.org\/{rel}","templated":true}]}}