{"id":3334,"date":"2025-08-27T18:54:48","date_gmt":"2025-08-27T16:54:48","guid":{"rendered":"https:\/\/honvedelmipark.hu\/khp\/?post_type=product&#038;p=3334"},"modified":"2025-09-01T11:27:52","modified_gmt":"2025-09-01T09:27:52","slug":"airsoft-csomag-12-ev","status":"publish","type":"product","link":"https:\/\/honvedelmipark.hu\/khp\/termek\/airsoft-csomag-12-ev\/","title":{"rendered":"Airsoft csomag (12+ \u00e9v)"},"content":{"rendered":"<p>Az Airsoft csomag azoknak sz\u00f3l, akik szeretn\u00e9k testk\u00f6zelb\u0151l megtapasztalni a katonai csapatmunka \u00e9s a taktikai gondolkod\u00e1s \u00e9lm\u00e9ny\u00e9t. A program sor\u00e1n a r\u00e9sztvev\u0151k t\u00f6bb k\u00fcl\u00f6nb\u00f6z\u0151 p\u00e1ly\u00e1n pr\u00f3b\u00e1lhatj\u00e1k ki \u00fcgyess\u00e9g\u00fcket \u00e9s reakci\u00f3k\u00e9pess\u00e9g\u00fcket. A Pal\u00e1nk p\u00e1lya \u00e9s a l\u00f6v\u00e9sz\u00e1rok gyors mozg\u00e1st, fedez\u00e9khaszn\u00e1latot \u00e9s \u00f6sszhangot k\u00f6vetel a csapatt\u00f3l, m\u00edg a Bunker s\u00f6t\u00e9t tereiben a lopakod\u00e1s \u00e9s a taktikus el\u0151renyomul\u00e1s ker\u00fcl el\u0151t\u00e9rbe. A fedett CQB (\u00e9p\u00fcletharc) intenz\u00edv k\u00f6zelharcos szitu\u00e1ci\u00f3kat k\u00edn\u00e1l, ahol a gyors d\u00f6nt\u00e9sek \u00e9letet menthetnek.<br \/>\nAz Airsoft l\u0151t\u00e9ren mindenki kipr\u00f3b\u00e1lhatja c\u00e9lz\u00f3tud\u00e1s\u00e1t 30 l\u00f6v\u00e9s erej\u00e9ig, a program pedig egy k\u00fcl\u00f6nleges \u00e9lm\u00e9nnyel z\u00e1rul: a buszos t\u00faszment\u00e9ssel, ahol a r\u00e9sztvev\u0151k egy k\u00fcl\u00f6nleges m\u0171veleti akci\u00f3 r\u00e9szeseiv\u00e9 v\u00e1lnak. Ez a csomag igazi katonai \u00e9lm\u00e9nyt ny\u00fajt \u2013 azoknak, akik szeretn\u00e9k kipr\u00f3b\u00e1lni, milyen \u00e9rz\u00e9s \u00e9les helyzetben a csapat r\u00e9szek\u00e9nt helyt\u00e1llni.<\/p>\n","protected":false},"excerpt":{"rendered":"<p>Egy igazi taktikai \u00e9lm\u00e9ny a csapatj\u00e1t\u00e9k szerelmeseinek. A program sor\u00e1n a r\u00e9sztvev\u0151k kipr\u00f3b\u00e1lhatj\u00e1k a Pal\u00e1nk p\u00e1ly\u00e1t, a Bunkert, valamint a fedett CQB \u00e9p\u00fcletharcot. Emellett airsoft l\u0151t\u00e9ren m\u00e9rhetik \u00f6ssze c\u00e9lz\u00f3k\u00e9pess\u00e9g\u00fcket, majd buszos t\u00faszment\u0151 akci\u00f3ban \u00e9lhetik \u00e1t a bevet\u00e9s izgalm\u00e1t.<\/p>\n","protected":false},"featured_media":3041,"comment_status":"open","ping_status":"closed","template":"","meta":{"_acf_changed":false},"product_brand":[],"product_cat":[34],"product_tag":[],"class_list":{"0":"post-3334","1":"product","2":"type-product","3":"status-publish","4":"has-post-thumbnail","6":"product_cat-egyeb","8":"first","9":"instock","10":"downloadable","11":"virtual","12":"product-type-simple"},"acf":[],"_links":{"self":[{"href":"https:\/\/honvedelmipark.hu\/khp\/wp-json\/wp\/v2\/product\/3334","targetHints":{"allow":["GET"]}}],"collection":[{"href":"https:\/\/honvedelmipark.hu\/khp\/wp-json\/wp\/v2\/product"}],"about":[{"href":"https:\/\/honvedelmipark.hu\/khp\/wp-json\/wp\/v2\/types\/product"}],"replies":[{"embeddable":true,"href":"https:\/\/honvedelmipark.hu\/khp\/wp-json\/wp\/v2\/comments?post=3334"}],"wp:featuredmedia":[{"embeddable":true,"href":"https:\/\/honvedelmipark.hu\/khp\/wp-json\/wp\/v2\/media\/3041"}],"wp:attachment":[{"href":"https:\/\/honvedelmipark.hu\/khp\/wp-json\/wp\/v2\/media?parent=3334"}],"wp:term":[{"taxonomy":"product_brand","embeddable":true,"href":"https:\/\/honvedelmipark.hu\/khp\/wp-json\/wp\/v2\/product_brand?post=3334"},{"taxonomy":"product_cat","embeddable":true,"href":"https:\/\/honvedelmipark.hu\/khp\/wp-json\/wp\/v2\/product_cat?post=3334"},{"taxonomy":"product_tag","embeddable":true,"href":"https:\/\/honvedelmipark.hu\/khp\/wp-json\/wp\/v2\/product_tag?post=3334"}],"curies":[{"name":"wp","href":"https:\/\/api.w.org\/{rel}","templated":true}]}}